{"id":269,"date":"2025-11-08T16:08:52","date_gmt":"2025-11-08T16:08:52","guid":{"rendered":"https:\/\/www.cocs.se\/?page_id=269"},"modified":"2025-11-21T19:09:00","modified_gmt":"2025-11-21T19:09:00","slug":"integritetspolicy-digitalt-parkeringstillstand","status":"publish","type":"page","link":"https:\/\/www.cocs.se\/ar\/integritetspolicy-digitalt-parkeringstillstand\/","title":{"rendered":"Information om behandling av personuppgifter \u2013 Digitalt parkeringstillst\u00e5nd"},"content":{"rendered":"<p>Personuppgiftsansvarig<\/p>\n\n\n\n<p>Coptic Orthodox Church in Scandinavia (COCS) ansvarar f\u00f6r behandlingen av personuppgifter i samband med ans\u00f6kan om digitalt parkeringstillst\u00e5nd. Du kan kontakta oss p\u00e5 <a href=\"mailto:gdpr@cocs.se\">gdpr@cocs.se<\/a> om du har fr\u00e5gor om hur vi hanterar dina uppgifter.<\/p>\n\n\n\n<h2 class=\"wp-block-heading\">Vilka personuppgifter som behandlas<\/h2>\n\n\n\n<p>N\u00e4r du ans\u00f6ker om ett parkeringstillst\u00e5nd samlar vi in de uppgifter som beh\u00f6vs f\u00f6r att kunna administrera och utf\u00e4rda tillst\u00e5ndet. Dessa personuppgifter \u00e4r f\u00f6ljande.<\/p>\n\n\n\n<ul class=\"wp-block-list\">\n<li>F\u00f6r- och efternamn<\/li>\n\n\n\n<li>E-postadress<\/li>\n\n\n\n<li>Fordonets registreringsnummer<\/li>\n\n\n\n<li>Fakturauppgifter<\/li>\n<\/ul>\n\n\n\n<p>I samband med ans\u00f6kan inh\u00e4mtas ditt samtycke till behandlingen.<\/p>\n\n\n\n<h2 class=\"wp-block-heading\">Insamling av uppgifter<\/h2>\n\n\n\n<p>De personuppgifter som samlas in genom det Microsoft Form som medlemmen fyller i anv\u00e4nds av stiftets kass\u00f6r f\u00f6r att administrera och skapa fakturor f\u00f6r parkeringstillst\u00e5ndet. De insamlade uppgifterna behandlas enbart i syfte att m\u00f6jligg\u00f6ra fakturering och administrativ hantering av parkeringstillst\u00e5ndet. Fakturan skickas d\u00e4refter direkt till medlemmen.<\/p>\n\n\n\n<h2 class=\"wp-block-heading\">\u00c4ndam\u00e5l med behandlingen<\/h2>\n\n\n\n<p>Personuppgifterna anv\u00e4nds f\u00f6r att handl\u00e4gga ans\u00f6kan om parkeringstillst\u00e5nd, registrera tillst\u00e5ndet hos tj\u00e4nsteleverant\u00f6ren Svea P-service AB, hantera fakturering och betalning av avgiften samt f\u00f6rnya tillst\u00e5ndet vid behov. Uppgifterna anv\u00e4nds enbart f\u00f6r dessa \u00e4ndam\u00e5l och sparas inte l\u00e4ngre \u00e4n n\u00f6dv\u00e4ndigt.<\/p>\n\n\n\n<h2 class=\"wp-block-heading\">R\u00e4ttslig grund<\/h2>\n\n\n\n<p>Behandlingen av personuppgifter sker med st\u00f6d av tre r\u00e4ttsliga grunder enligt dataskyddsf\u00f6rordningen.<\/p>\n\n\n\n<ul class=\"wp-block-list\">\n<li>Avtal: Behandlingen \u00e4r n\u00f6dv\u00e4ndig f\u00f6r att kunna fullg\u00f6ra avtalet om parkeringstillst\u00e5nd.<\/li>\n\n\n\n<li>R\u00e4ttslig f\u00f6rpliktelse: Fakturauppgifter behandlas enligt bokf\u00f6ringslagens krav.<\/li>\n\n\n\n<li>Samtycke: F\u00f6r behandling av de uppgifter som du frivilligt l\u00e4mnas via enk\u00e4ten.<\/li>\n<\/ul>\n\n\n\n<h2 class=\"wp-block-heading\">Tillg\u00e5ng till personuppgifter<\/h2>\n\n\n\n<p>Endast de personer som beh\u00f6ver uppgifterna f\u00f6r att administrera parkeringstillst\u00e5ndet har tillg\u00e5ng till dem. Det g\u00e4ller f\u00f6ljande.<\/p>\n\n\n\n<ul class=\"wp-block-list\">\n<li>Vice ordf\u00f6rande<\/li>\n\n\n\n<li>Kass\u00f6r<\/li>\n\n\n\n<li>Pr\u00e4ster vid St. Maria och St. Paulus koptisk-ortodoxa kyrka i Stockholm<\/li>\n\n\n\n<li>Pr\u00e4ster vid St. Mina och P\u00e5ve Kyrillos koptisk-ortodoxa kyrka i S\u00f6dert\u00e4lje<\/li>\n<\/ul>\n\n\n\n<p>Svea P-service AB som tillhandah\u00e5ller systemet f\u00f6r digitala parkeringstillst\u00e5nd samlar in registreringsnummer fr\u00e5n COCS. Svea P-service AB agerar som sj\u00e4lvst\u00e4ndig personuppgiftsansvarig.<\/p>\n\n\n\n<h2 class=\"wp-block-heading\">Lagring och gallring<\/h2>\n\n\n\n<p>Personuppgifterna lagras i OneDrive inom EU\/EES i Microsofts datacenter i Sverige. Uppgifterna om dig sparas under ett (1) \u00e5r eller tills parkeringstillst\u00e5ndet f\u00f6rnyas eller avslutas. Fakturauppgifter bevaras l\u00e4ngre i enlighet med bokf\u00f6ringslagens regler om sju \u00e5rs lagring.<\/p>\n\n\n\n<h2 class=\"wp-block-heading\">Dina r\u00e4ttigheter<\/h2>\n\n\n\n<p>Du har r\u00e4tt att beg\u00e4ra information om vilka personuppgifter som behandlas om dig, att f\u00e5 felaktiga uppgifter r\u00e4ttade samt beg\u00e4ra radering av uppgifter som inte l\u00e4ngre \u00e4r n\u00f6dv\u00e4ndiga. Du har \u00e4ven r\u00e4tt att \u00e5terkalla ditt samtycke n\u00e4r som helst. L\u00e4s mer om hur vi behandlar dina personuppgifter och vilka r\u00e4ttigheter du har i v\u00e5r integritetspolicy\u00a0. F\u00f6r att ut\u00f6va dessa r\u00e4ttigheter kan du kontakta oss p\u00e5 <a href=\"mailto:gdpr@cocs.se\">gdpr@cocs.se<\/a>. Vi hanterar din beg\u00e4ran s\u00e5 snart som m\u00f6jligt och senast inom 30 dagar. Om du anser att dina uppgifter behandlas p\u00e5 ett felaktigt s\u00e4tt har du r\u00e4tt att l\u00e4mna klagom\u00e5l till <a href=\"https:\/\/www.imy.se\/\">Integritetsskyddsmyndigheten<\/a> (IMY).<\/p>\n\n\n\n<p>Senast uppdaterad den 11 november 2025<a id=\"_msocom_1\"><\/a><\/p>","protected":false},"excerpt":{"rendered":"<p>Personuppgiftsansvarig Coptic Orthodox Church in Scandinavia (COCS) ansvarar f\u00f6r behandlingen av personuppgifter i samband<span class=\"more-dots\">&#8230;<\/span><\/p>","protected":false},"author":1,"featured_media":0,"parent":0,"menu_order":0,"comment_status":"closed","ping_status":"closed","template":"","meta":{"footnotes":""},"class_list":["post-269","page","type-page","status-publish","hentry","no-post-thumbnail"],"yoast_head":"<!-- This site is optimized with the Yoast SEO plugin v27.5 - https:\/\/yoast.com\/product\/yoast-seo-wordpress\/ -->\n<title>Information om behandling av personuppgifter \u2013 Digitalt parkeringstillst\u00e5nd - Koptisk-ortodoxa kyrkan i Skandinavien<\/title>\n<meta name=\"description\" content=\"behandlingen av personuppgifter i samband med ans\u00f6kan om digitalt parkeringstillst\u00e5nd\" \/>\n<meta name=\"robots\" content=\"index, follow, max-snippet:-1, max-image-preview:large, max-video-preview:-1\" \/>\n<link rel=\"canonical\" href=\"https:\/\/www.cocs.se\/ar\/integritetspolicy-digitalt-parkeringstillstand\/\" \/>\n<meta property=\"og:locale\" content=\"ar_AR\" \/>\n<meta property=\"og:type\" content=\"article\" \/>\n<meta property=\"og:title\" content=\"Information om behandling av personuppgifter \u2013 Digitalt parkeringstillst\u00e5nd - Koptisk-ortodoxa kyrkan i Skandinavien\" \/>\n<meta property=\"og:description\" content=\"behandlingen av personuppgifter i samband med ans\u00f6kan om digitalt parkeringstillst\u00e5nd\" \/>\n<meta property=\"og:url\" content=\"https:\/\/www.cocs.se\/ar\/integritetspolicy-digitalt-parkeringstillstand\/\" \/>\n<meta property=\"og:site_name\" content=\"Koptisk-ortodoxa kyrkan i Skandinavien\" \/>\n<meta property=\"article:modified_time\" content=\"2025-11-21T19:09:00+00:00\" \/>\n<meta name=\"twitter:card\" content=\"summary_large_image\" \/>\n<meta name=\"twitter:label1\" content=\"\u0648\u0642\u062a \u0627\u0644\u0642\u0631\u0627\u0621\u0629 \u0627\u0644\u0645\u064f\u0642\u062f\u0651\u0631\" \/>\n\t<meta name=\"twitter:data1\" content=\"\u062f\u0642\u064a\u0642\u062a\u0627\u0646\" \/>\n<script type=\"application\/ld+json\" class=\"yoast-schema-graph\">{\"@context\":\"https:\\\/\\\/schema.org\",\"@graph\":[{\"@type\":\"WebPage\",\"@id\":\"https:\\\/\\\/www.cocs.se\\\/integritetspolicy-digitalt-parkeringstillstand\\\/\",\"url\":\"https:\\\/\\\/www.cocs.se\\\/integritetspolicy-digitalt-parkeringstillstand\\\/\",\"name\":\"Information om behandling av personuppgifter \u2013 Digitalt parkeringstillst\u00e5nd - Koptisk-ortodoxa kyrkan i Skandinavien\",\"isPartOf\":{\"@id\":\"https:\\\/\\\/www.cocs.se\\\/#website\"},\"datePublished\":\"2025-11-08T16:08:52+00:00\",\"dateModified\":\"2025-11-21T19:09:00+00:00\",\"description\":\"behandlingen av personuppgifter i samband med ans\u00f6kan om digitalt parkeringstillst\u00e5nd\",\"breadcrumb\":{\"@id\":\"https:\\\/\\\/www.cocs.se\\\/integritetspolicy-digitalt-parkeringstillstand\\\/#breadcrumb\"},\"inLanguage\":\"ar\",\"potentialAction\":[{\"@type\":\"ReadAction\",\"target\":[\"https:\\\/\\\/www.cocs.se\\\/integritetspolicy-digitalt-parkeringstillstand\\\/\"]}]},{\"@type\":\"BreadcrumbList\",\"@id\":\"https:\\\/\\\/www.cocs.se\\\/integritetspolicy-digitalt-parkeringstillstand\\\/#breadcrumb\",\"itemListElement\":[{\"@type\":\"ListItem\",\"position\":1,\"name\":\"Home\",\"item\":\"https:\\\/\\\/www.cocs.se\\\/\"},{\"@type\":\"ListItem\",\"position\":2,\"name\":\"Information om behandling av personuppgifter \u2013 Digitalt parkeringstillst\u00e5nd\"}]},{\"@type\":\"WebSite\",\"@id\":\"https:\\\/\\\/www.cocs.se\\\/#website\",\"url\":\"https:\\\/\\\/www.cocs.se\\\/\",\"name\":\"Coptic Orthodox Church in Scandinavia\",\"description\":\"Officiell webbplats f\u00f6r Skandinaviska stiftet inom den koptisk-ortodoxa kyrkan\",\"publisher\":{\"@id\":\"https:\\\/\\\/www.cocs.se\\\/#organization\"},\"potentialAction\":[{\"@type\":\"SearchAction\",\"target\":{\"@type\":\"EntryPoint\",\"urlTemplate\":\"https:\\\/\\\/www.cocs.se\\\/?s={search_term_string}\"},\"query-input\":{\"@type\":\"PropertyValueSpecification\",\"valueRequired\":true,\"valueName\":\"search_term_string\"}}],\"inLanguage\":\"ar\"},{\"@type\":\"Organization\",\"@id\":\"https:\\\/\\\/www.cocs.se\\\/#organization\",\"name\":\"Coptic Orthodox Church in Scandinavia\",\"url\":\"https:\\\/\\\/www.cocs.se\\\/\",\"logo\":{\"@type\":\"ImageObject\",\"inLanguage\":\"ar\",\"@id\":\"https:\\\/\\\/www.cocs.se\\\/#\\\/schema\\\/logo\\\/image\\\/\",\"url\":\"https:\\\/\\\/www.cocs.se\\\/wp-content\\\/uploads\\\/2026\\\/01\\\/cropped-Coptic-Orthodox-Church-Logo-1203-600x600-1.png\",\"contentUrl\":\"https:\\\/\\\/www.cocs.se\\\/wp-content\\\/uploads\\\/2026\\\/01\\\/cropped-Coptic-Orthodox-Church-Logo-1203-600x600-1.png\",\"width\":600,\"height\":496,\"caption\":\"Coptic Orthodox Church in Scandinavia\"},\"image\":{\"@id\":\"https:\\\/\\\/www.cocs.se\\\/#\\\/schema\\\/logo\\\/image\\\/\"}}]}<\/script>\n<!-- \/ Yoast SEO plugin. -->","yoast_head_json":{"title":"Information om behandling av personuppgifter \u2013 Digitalt parkeringstillst\u00e5nd - Koptisk-ortodoxa kyrkan i Skandinavien","description":"behandlingen av personuppgifter i samband med ans\u00f6kan om digitalt parkeringstillst\u00e5nd","robots":{"index":"index","follow":"follow","max-snippet":"max-snippet:-1","max-image-preview":"max-image-preview:large","max-video-preview":"max-video-preview:-1"},"canonical":"https:\/\/www.cocs.se\/ar\/integritetspolicy-digitalt-parkeringstillstand\/","og_locale":"ar_AR","og_type":"article","og_title":"Information om behandling av personuppgifter \u2013 Digitalt parkeringstillst\u00e5nd - Koptisk-ortodoxa kyrkan i Skandinavien","og_description":"behandlingen av personuppgifter i samband med ans\u00f6kan om digitalt parkeringstillst\u00e5nd","og_url":"https:\/\/www.cocs.se\/ar\/integritetspolicy-digitalt-parkeringstillstand\/","og_site_name":"Koptisk-ortodoxa kyrkan i Skandinavien","article_modified_time":"2025-11-21T19:09:00+00:00","twitter_card":"summary_large_image","twitter_misc":{"\u0648\u0642\u062a \u0627\u0644\u0642\u0631\u0627\u0621\u0629 \u0627\u0644\u0645\u064f\u0642\u062f\u0651\u0631":"\u062f\u0642\u064a\u0642\u062a\u0627\u0646"},"schema":{"@context":"https:\/\/schema.org","@graph":[{"@type":"WebPage","@id":"https:\/\/www.cocs.se\/integritetspolicy-digitalt-parkeringstillstand\/","url":"https:\/\/www.cocs.se\/integritetspolicy-digitalt-parkeringstillstand\/","name":"Information om behandling av personuppgifter \u2013 Digitalt parkeringstillst\u00e5nd - Koptisk-ortodoxa kyrkan i Skandinavien","isPartOf":{"@id":"https:\/\/www.cocs.se\/#website"},"datePublished":"2025-11-08T16:08:52+00:00","dateModified":"2025-11-21T19:09:00+00:00","description":"behandlingen av personuppgifter i samband med ans\u00f6kan om digitalt parkeringstillst\u00e5nd","breadcrumb":{"@id":"https:\/\/www.cocs.se\/integritetspolicy-digitalt-parkeringstillstand\/#breadcrumb"},"inLanguage":"ar","potentialAction":[{"@type":"ReadAction","target":["https:\/\/www.cocs.se\/integritetspolicy-digitalt-parkeringstillstand\/"]}]},{"@type":"BreadcrumbList","@id":"https:\/\/www.cocs.se\/integritetspolicy-digitalt-parkeringstillstand\/#breadcrumb","itemListElement":[{"@type":"ListItem","position":1,"name":"Home","item":"https:\/\/www.cocs.se\/"},{"@type":"ListItem","position":2,"name":"Information om behandling av personuppgifter \u2013 Digitalt parkeringstillst\u00e5nd"}]},{"@type":"WebSite","@id":"https:\/\/www.cocs.se\/#website","url":"https:\/\/www.cocs.se\/","name":"Coptic Orthodox Church in Scandinavia","description":"Officiell webbplats f\u00f6r Skandinaviska stiftet inom den koptisk-ortodoxa kyrkan","publisher":{"@id":"https:\/\/www.cocs.se\/#organization"},"potentialAction":[{"@type":"SearchAction","target":{"@type":"EntryPoint","urlTemplate":"https:\/\/www.cocs.se\/?s={search_term_string}"},"query-input":{"@type":"PropertyValueSpecification","valueRequired":true,"valueName":"search_term_string"}}],"inLanguage":"ar"},{"@type":"Organization","@id":"https:\/\/www.cocs.se\/#organization","name":"Coptic Orthodox Church in Scandinavia","url":"https:\/\/www.cocs.se\/","logo":{"@type":"ImageObject","inLanguage":"ar","@id":"https:\/\/www.cocs.se\/#\/schema\/logo\/image\/","url":"https:\/\/www.cocs.se\/wp-content\/uploads\/2026\/01\/cropped-Coptic-Orthodox-Church-Logo-1203-600x600-1.png","contentUrl":"https:\/\/www.cocs.se\/wp-content\/uploads\/2026\/01\/cropped-Coptic-Orthodox-Church-Logo-1203-600x600-1.png","width":600,"height":496,"caption":"Coptic Orthodox Church in Scandinavia"},"image":{"@id":"https:\/\/www.cocs.se\/#\/schema\/logo\/image\/"}}]}},"_links":{"self":[{"href":"https:\/\/www.cocs.se\/ar\/wp-json\/wp\/v2\/pages\/269","targetHints":{"allow":["GET"]}}],"collection":[{"href":"https:\/\/www.cocs.se\/ar\/wp-json\/wp\/v2\/pages"}],"about":[{"href":"https:\/\/www.cocs.se\/ar\/wp-json\/wp\/v2\/types\/page"}],"author":[{"embeddable":true,"href":"https:\/\/www.cocs.se\/ar\/wp-json\/wp\/v2\/users\/1"}],"replies":[{"embeddable":true,"href":"https:\/\/www.cocs.se\/ar\/wp-json\/wp\/v2\/comments?post=269"}],"version-history":[{"count":5,"href":"https:\/\/www.cocs.se\/ar\/wp-json\/wp\/v2\/pages\/269\/revisions"}],"predecessor-version":[{"id":279,"href":"https:\/\/www.cocs.se\/ar\/wp-json\/wp\/v2\/pages\/269\/revisions\/279"}],"wp:attachment":[{"href":"https:\/\/www.cocs.se\/ar\/wp-json\/wp\/v2\/media?parent=269"}],"curies":[{"name":"wp","href":"https:\/\/api.w.org\/{rel}","templated":true}]}}